{"id":227,"date":"2019-04-04T19:09:07","date_gmt":"2019-04-04T19:09:07","guid":{"rendered":"https:\/\/www.fondeprinter.com\/site\/?page_id=227"},"modified":"2021-12-24T16:49:09","modified_gmt":"2021-12-24T16:49:09","slug":"noticias-y-actualidad","status":"publish","type":"page","link":"https:\/\/www.fondeprinter.com\/site\/noticias-y-actualidad\/","title":{"rendered":"Noticias y actualidad"},"content":{"rendered":"<!--[fluid]--><!--{content}-->    <!--[section]-->\n\t\t<style>\n.bd-section-671483244{position:relative;height:90vh;background-image:url(https:\/\/www.fondeprinter.com\/site\/wp-content\/uploads\/2021\/06\/f3c781cb0e2b0899cc5d9454347d069f_rty.jpg);background-repeat:no-repeat;background-attachment:scroll;background-size:cover;background-position:center center;padding:5em;}\n@media (max-width: 1199px) {.bd-section-671483244{padding:2em;}}\n@media (max-width: 767px) {.bd-section-671483244{background-image:url(https:\/\/www.fondeprinter.com\/site\/wp-content\/uploads\/2021\/06\/a3fc5ca2859328fdeb51718986d0cca0_24-3.jpg);}}\n.bd-section-671483244{\n\ttext-align:  right;\n}\n.bd-section-671483244 h4{\n\tline-height:  28.8px;\n\tfont-size:  24px;\n\tfont-weight:  400;\n\tfont-style:  italic;\n\tcolor:  #333333;\n\tmargin-top:  0.5em;\n\tmargin-bottom:  0.5em;\n}\n.bd-section-671483244 h1{\n\tline-height:  72px;\n\tcolor:  #1bbb9b;\n\tfont-size:  60px;\n\tfont-weight:  500;\n}\n\n@media (max-width: 991px) {.bd-section-671483244 h4{\n\tline-height:  30px;\n\tfont-size:  20px;\n}\n.bd-section-671483244 h1{\n\tline-height:  57.6px;\n\tfont-size:  48px;\n}\n}\n@media (max-width: 767px) {.bd-section-671483244{\n\ttext-align:  center;\n}\n.bd-section-671483244 h1{\n\tline-height:  36px;\n\tfont-size:  30px;\n\tfont-weight:  600;\n}\n}<\/style>\t\t<section id=section3 class=\" bd-section-671483244 bd-page-width  bd-tagstyles\" data-section-title=\"Container in Full-Width Section\">\n\t\t\t<div class=\"bd-container-inner bd-margins clearfix\">\n\t\t\t\t<!--{content}-->\n\t\t\t\t\t<!--[fluid_1]--><!--{content}--><!--[layoutbox]--><style>\n.additional-class-2005711452{width:612px;left:0.000%;top:49.401%;position:absolute;-webkit-transform:translateX(0) translateY(-50%);-moz-transform:translateX(0) translateY(-50%);-ms-transform:translateX(0) translateY(-50%);transform:translateX(0) translateY(-50%);right:47.105%;bottom:-37.126%;height:292px;}\n.additional-class-2005711452{\n\ttext-align:  left;\n}\n\n@media (max-width: 767px) {.additional-class-2005711452{\n\ttext-align:  center;\n}\n}<\/style><div class=\"clearfix  additional-class-2005711452 bd-page-width  bd-no-margins\"><div class=\"bd-container-inner\"><!--{content}-->    <!--[text]-->\n        <style>\n.additional-class-1336618983{margin-top:0px;margin-bottom:0px;}\nh1.additional-class-1336618983{\n\tline-height:  42.85714287px;\n\tfont-size:  30px;\n}\n<\/style>        <h1 class=\" additional-class-1336618983  bd-content-element\">\n            <!--{content}-->\n                Recuerda nuestros diferentes medios de pago.&nbsp;            <!--{\/content}-->\n        <\/h1>\n    <!--[\/text]-->\n\n\t\n\t\t    <!--[text]-->\n                <h4 class=\" additional-class-1501121531  bd-content-element\">\n            <!--{content}-->\n                Pagos pse -&nbsp; por medio de mi pago amigo.<br>Transferencia a nuestra cuenta.<br>Consignaci\u00f3n.&nbsp;<br>Autorizaci\u00f3n de d\u00e9bitos a su cuenta.&nbsp;&nbsp;            <!--{\/content}-->\n        <\/h4>\n    <!--[\/text]-->\n\n\t\n\t\t<!--[button]--><style>\n.additional-class-563591825{display:block;}<\/style><style>.additional-class-563591825 {\n                    text-decoration: inherit;\n\t                display: inline-block;\n\t                speak: none;\n\t            }\n\n                .additional-class-563591825:before {\n                    font-family: 'Billion Web Font';\n\t                font-style: normal;\n\t                font-weight: normal;\n\t                text-decoration: inherit;\n\t                text-align: center;\n\t                text-transform: none;\n\t                width: 1em;\n                }.additional-class-563591825:before {width: auto; visibility: inherit;}.additional-class-563591825:before{display: inline-block;}<\/style><style>.additional-class-563591825:before {\n        vertical-align: middle;\n        text-decoration: none;\n    }<\/style><style>.additional-class-563591825:hover {\n                    text-decoration: inherit;\n\t                display: inline-block;\n\t                speak: none;\n\t            }\n\n                .additional-class-563591825:hover:before {\n                    font-family: 'Billion Web Font';\n\t                font-style: normal;\n\t                font-weight: normal;\n\t                text-decoration: inherit;\n\t                text-align: center;\n\t                text-transform: none;\n\t                width: 1em;\n                }.additional-class-563591825:hover:before {width: auto; visibility: inherit;}.additional-class-563591825:hover:before{display: inline-block;}<\/style><style>.additional-class-563591825:hover:before {\n        vertical-align: middle;\n        text-decoration: none;\n    }<\/style><a href=\"https:\/\/www.fondeprinter.com\/site\/wp-content\/uploads\/2021\/06\/PASOS-PARA-REALIZAR-PAGOS-POR-MIPAGOAMIGO.pdf\" class=\"bd-button-99  additional-class-563591825  bd-own-margins bd-content-element\"><!--{content}-->\nPASOS PARA PAGO PSE\n<!--{\/content}--><\/a><!--[\/button]-->\n\t\n\t\t\n    <!--[spacer]-->\n    <style>\n.bd-spacer-1808558376{height:40px;}\n@media (max-width: 767px) {.bd-spacer-1808558376{height:25px;}}<\/style>    <div class=\" bd-spacer-1808558376  clearfix\">\n        <!--{content}--><!--{\/content}-->\n    <\/div>\n    <!--[\/spacer]-->\n\n    <!--{\/content}--><\/div><\/div><!--[\/layoutbox]--><!--{\/content}--><!--[\/fluid_1]-->\t\t\t\t<!--{\/content}-->\n\t\t\t<\/div>\n\t\t<\/section>\n\t<!--[\/section]-->\n<!--{\/content}--><!--[\/fluid]-->\n<!--[fluid]--><!--{content}-->    <!--[section]-->\n\t\t\t\t<section id=section4 class=\" bd-section-2048298581 bd-page-width  bd-tagstyles\" data-section-title=\"One \u0421olumn\">\n\t\t\t<div class=\"bd-container-inner bd-margins clearfix\">\n\t\t\t\t<!--{content}-->\n\t\t\t\t\t<!--[fluid_1]--><!--{content}-->    <!--[columns]-->\n        <style>\n.bd-layoutcontainer-1211014213  > .bd-container-inner > .container-fluid:after{display:none;}<\/style><style>\n.bd-layoutcontainer-1211014213 > .bd-container-inner > .container-fluid, .bd-layoutcontainer-1211014213 > .bd-container-inner > .container-fluid > .row{height:100%;}<\/style><style>.bd-layoutcontainer-1211014213 > .bd-container-inner > .container-fluid {padding-left: 0; padding-right: 0;}<\/style>        <style><\/style>        <div class=\" bd-layoutcontainer-1211014213 bd-page-width  bd-columns bd-no-margins\">\n            <div class=\"bd-container-inner\">\n                <div class=\"container-fluid\">\n                    <div class=\"row bd-row-flex bd-row-align-middle\">\n                        <!--{content}-->\n                                <!--[column]-->\n        <div class=\"col-xs-12 bd-columnwrapper-1381012237\">\n            <div class=\"bd-column  bd-layoutcolumn-1381012237 \">\n                <div class=\"bd-vertical-align-wrapper\">\n                    <!--{content}-->\n                                            <!--{\/content}-->\n                <\/div>\n            <\/div>\n        <\/div>\n    <!--[\/column]-->\n                        <!--{\/content}-->\n                    <\/div>\n                <\/div>\n            <\/div>\n        <\/div>\n    <!--[\/columns]-->\n<!--{\/content}--><!--[\/fluid_1]-->\t\t\t\t<!--{\/content}-->\n\t\t\t<\/div>\n\t\t<\/section>\n\t<!--[\/section]-->\n<!--{\/content}--><!--[\/fluid]-->\n","protected":false},"excerpt":{"rendered":"","protected":false},"author":1,"featured_media":0,"parent":0,"menu_order":0,"comment_status":"closed","ping_status":"closed","template":"","meta":{"_joinchat":[],"footnotes":""},"jetpack_sharing_enabled":true,"_links":{"self":[{"href":"https:\/\/www.fondeprinter.com\/site\/wp-json\/wp\/v2\/pages\/227"}],"collection":[{"href":"https:\/\/www.fondeprinter.com\/site\/wp-json\/wp\/v2\/pages"}],"about":[{"href":"https:\/\/www.fondeprinter.com\/site\/wp-json\/wp\/v2\/types\/page"}],"author":[{"embeddable":true,"href":"https:\/\/www.fondeprinter.com\/site\/wp-json\/wp\/v2\/users\/1"}],"replies":[{"embeddable":true,"href":"https:\/\/www.fondeprinter.com\/site\/wp-json\/wp\/v2\/comments?post=227"}],"version-history":[{"count":27,"href":"https:\/\/www.fondeprinter.com\/site\/wp-json\/wp\/v2\/pages\/227\/revisions"}],"predecessor-version":[{"id":1526,"href":"https:\/\/www.fondeprinter.com\/site\/wp-json\/wp\/v2\/pages\/227\/revisions\/1526"}],"wp:attachment":[{"href":"https:\/\/www.fondeprinter.com\/site\/wp-json\/wp\/v2\/media?parent=227"}],"curies":[{"name":"wp","href":"https:\/\/api.w.org\/{rel}","templated":true}]}}